{"id":2330,"date":"2018-07-02T15:12:24","date_gmt":"2018-07-02T15:12:24","guid":{"rendered":"http:\/\/acftransport.mtlwebdesign.com\/?page_id=2330&#038;lang=fr"},"modified":"2019-01-08T17:51:35","modified_gmt":"2019-01-08T17:51:35","slug":"division-bureau","status":"publish","type":"page","link":"https:\/\/www.acftransportaide.ca\/fr\/division-bureau\/","title":{"rendered":"Division Bureau"},"content":{"rendered":"<p>[vc_row][vc_column]<div class='content-over content-over--right'><div style='background-image: url(https:\/\/www.acftransportaide.ca\/wp-content\/uploads\/2018\/06\/service-image-1.jpg);' class='content-over__img'><\/div><div class='container'><div class='content-over__main'>[vc_custom_heading text=&#8221;Division bureau&#8221; font_container=&#8221;tag:h6|font_size:18px|text_align:left|color:%23dab777&#8243; use_theme_fonts=&#8221;yes&#8221;][vc_custom_heading text=&#8221;MAIN D\u2019\u0152UVRE DE BUREAU PROFESSIONNELLE \u00c0 MONTR\u00c9AL&#8221; font_container=&#8221;tag:h2|font_size:36px|text_align:left&#8221; use_theme_fonts=&#8221;yes&#8221;][vc_empty_space height=&#8221;30px&#8221;][vc_custom_heading text=&#8221;ACF Transportaide vous donne acc\u00e8s \u00e0 des employ\u00e9s de bureau professionnels au Qu\u00e9bec et en Ontario&#8221; font_container=&#8221;tag:h6|font_size:18px|text_align:left&#8221; use_theme_fonts=&#8221;yes&#8221;][vc_empty_space height=&#8221;10px&#8221;]<ul class='list '><li>Avez-vous mis de c\u00f4t\u00e9 certains projets an raison d\u2019un manque de personnel?<\/li><li>Vos employ\u00e9s sont-ils d\u00e9bord\u00e9s et en manque d\u2019\u00e9nergie?<\/li><li>\u00c9prouvez-vous de la difficult\u00e9 \u00e0 g\u00e9rer votre emploi du temps quotidien?<\/li><li>Recherchez-vous des employ\u00e9s temporaires pour un projet \u00e0 court terme?<\/li><\/ul>[vc_column_text]Nous fournissons des employ\u00e9s de bureau, ainsi que des travailleurs capables d\u2019accomplir des travaux physiques et manuels, et nous pouvons m\u00eame cr\u00e9er des groupes sp\u00e9cialement adapt\u00e9s \u00e0 vos besoins.<\/p>\n<p>Notre gamme compl\u00e8te de services vous aide \u00e0 faire fonctionner votre entreprise avec efficacit\u00e9, en vous offrant une grande flexibilit\u00e9, du gain\u00a0de temps et un syst\u00e8me de paie unique.<\/p>\n<p>Nous pourvoyons \u00e0 des postes de bureau temporaires, permanents et externalis\u00e9s :[\/vc_column_text][vc_empty_space]<ul class='list '><li>R\u00e9ceptionnistes<\/li><li>Employ\u00e9s de bureau<\/li><li>Agents du service \u00e0 la client\u00e8le<\/li><li>Commis-comptables<\/li><li>Agents de repartition<\/li><\/ul>[vc_empty_space]<\/div><\/div><\/div>[vc_empty_space height=&#8221;60px&#8221;][\/vc_column][\/vc_row]<\/p>\n","protected":false},"excerpt":{"rendered":"<p>[vc_row][vc_column][vc_empty_space height=&#8221;60px&#8221;][\/vc_column][\/vc_row]<\/p>\n","protected":false},"author":3,"featured_media":0,"parent":0,"menu_order":0,"comment_status":"open","ping_status":"open","template":"","meta":{"_acf_changed":false,"_exactmetrics_skip_tracking":false,"_exactmetrics_sitenote_active":false,"_exactmetrics_sitenote_note":"","_exactmetrics_sitenote_category":0,"footnotes":""},"class_list":["post-2330","page","type-page","status-publish","hentry"],"acf":[],"yoast_head":"<!-- This site is optimized with the Yoast SEO Premium plugin v27.3 (Yoast SEO v27.5) - https:\/\/yoast.com\/product\/yoast-seo-premium-wordpress\/ -->\n<title>Division Bureau | ACF TRANSPORTAIDE<\/title>\n<meta name=\"robots\" content=\"index, follow, max-snippet:-1, max-image-preview:large, max-video-preview:-1\" \/>\n<link rel=\"canonical\" href=\"https:\/\/www.acftransportaide.ca\/fr\/division-bureau\/\" \/>\n<meta property=\"og:locale\" content=\"fr_FR\" \/>\n<meta property=\"og:type\" content=\"article\" \/>\n<meta property=\"og:title\" content=\"Division Bureau\" \/>\n<meta property=\"og:description\" content=\"[vc_row][vc_column][vc_empty_space height=&#8221;60px&#8221;][\/vc_column][\/vc_row]\" \/>\n<meta property=\"og:url\" content=\"https:\/\/www.acftransportaide.ca\/fr\/division-bureau\/\" \/>\n<meta property=\"og:site_name\" content=\"Employment Agency Montreal\" \/>\n<meta property=\"article:publisher\" content=\"https:\/\/www.facebook.com\/acftransportaide\" \/>\n<meta property=\"article:modified_time\" content=\"2019-01-08T17:51:35+00:00\" \/>\n<meta name=\"twitter:card\" content=\"summary_large_image\" \/>\n<meta name=\"twitter:label1\" content=\"Dur\u00e9e de lecture estim\u00e9e\" \/>\n\t<meta name=\"twitter:data1\" content=\"2 minutes\" \/>\n<!-- \/ Yoast SEO Premium plugin. -->","yoast_head_json":{"title":"Division Bureau | ACF TRANSPORTAIDE","robots":{"index":"index","follow":"follow","max-snippet":"max-snippet:-1","max-image-preview":"max-image-preview:large","max-video-preview":"max-video-preview:-1"},"canonical":"https:\/\/www.acftransportaide.ca\/fr\/division-bureau\/","og_locale":"fr_FR","og_type":"article","og_title":"Division Bureau","og_description":"[vc_row][vc_column][vc_empty_space height=&#8221;60px&#8221;][\/vc_column][\/vc_row]","og_url":"https:\/\/www.acftransportaide.ca\/fr\/division-bureau\/","og_site_name":"Employment Agency Montreal","article_publisher":"https:\/\/www.facebook.com\/acftransportaide","article_modified_time":"2019-01-08T17:51:35+00:00","twitter_card":"summary_large_image","twitter_misc":{"Dur\u00e9e de lecture estim\u00e9e":"2 minutes"},"schema":{"@context":"https:\/\/schema.org","@graph":[{"@type":"WebPage","@id":"https:\/\/www.acftransportaide.ca\/fr\/division-bureau\/","url":"https:\/\/www.acftransportaide.ca\/fr\/division-bureau\/","name":"Division Bureau | ACF TRANSPORTAIDE","isPartOf":{"@id":"https:\/\/www.acftransportaide.ca\/fr\/#website"},"datePublished":"2018-07-02T15:12:24+00:00","dateModified":"2019-01-08T17:51:35+00:00","breadcrumb":{"@id":"https:\/\/www.acftransportaide.ca\/fr\/division-bureau\/#breadcrumb"},"inLanguage":"fr-FR","potentialAction":[{"@type":"ReadAction","target":["https:\/\/www.acftransportaide.ca\/fr\/division-bureau\/"]}]},{"@type":"BreadcrumbList","@id":"https:\/\/www.acftransportaide.ca\/fr\/division-bureau\/#breadcrumb","itemListElement":[{"@type":"ListItem","position":1,"name":"Home","item":"https:\/\/www.acftransportaide.ca\/fr\/"},{"@type":"ListItem","position":2,"name":"Division Bureau"}]},{"@type":"WebSite","@id":"https:\/\/www.acftransportaide.ca\/fr\/#website","url":"https:\/\/www.acftransportaide.ca\/fr\/","name":"ACF TRANSPORTAIDE","description":"Montreal Transport agency","publisher":{"@id":"https:\/\/www.acftransportaide.ca\/fr\/#organization"},"potentialAction":[{"@type":"SearchAction","target":{"@type":"EntryPoint","urlTemplate":"https:\/\/www.acftransportaide.ca\/fr\/?s={search_term_string}"},"query-input":{"@type":"PropertyValueSpecification","valueRequired":true,"valueName":"search_term_string"}}],"inLanguage":"fr-FR"},{"@type":"Organization","@id":"https:\/\/www.acftransportaide.ca\/fr\/#organization","name":"ACF Transportaide","url":"https:\/\/www.acftransportaide.ca\/fr\/","logo":{"@type":"ImageObject","inLanguage":"fr-FR","@id":"https:\/\/www.acftransportaide.ca\/fr\/#\/schema\/logo\/image\/","url":"https:\/\/www.acftransportaide.ca\/wp-content\/uploads\/2018\/12\/ACF-Logo.png","contentUrl":"https:\/\/www.acftransportaide.ca\/wp-content\/uploads\/2018\/12\/ACF-Logo.png","width":225,"height":115,"caption":"ACF Transportaide"},"image":{"@id":"https:\/\/www.acftransportaide.ca\/fr\/#\/schema\/logo\/image\/"},"sameAs":["https:\/\/www.facebook.com\/acftransportaide"]}]}},"_links":{"self":[{"href":"https:\/\/www.acftransportaide.ca\/fr\/wp-json\/wp\/v2\/pages\/2330","targetHints":{"allow":["GET"]}}],"collection":[{"href":"https:\/\/www.acftransportaide.ca\/fr\/wp-json\/wp\/v2\/pages"}],"about":[{"href":"https:\/\/www.acftransportaide.ca\/fr\/wp-json\/wp\/v2\/types\/page"}],"author":[{"embeddable":true,"href":"https:\/\/www.acftransportaide.ca\/fr\/wp-json\/wp\/v2\/users\/3"}],"replies":[{"embeddable":true,"href":"https:\/\/www.acftransportaide.ca\/fr\/wp-json\/wp\/v2\/comments?post=2330"}],"version-history":[{"count":5,"href":"https:\/\/www.acftransportaide.ca\/fr\/wp-json\/wp\/v2\/pages\/2330\/revisions"}],"predecessor-version":[{"id":2727,"href":"https:\/\/www.acftransportaide.ca\/fr\/wp-json\/wp\/v2\/pages\/2330\/revisions\/2727"}],"wp:attachment":[{"href":"https:\/\/www.acftransportaide.ca\/fr\/wp-json\/wp\/v2\/media?parent=2330"}],"curies":[{"name":"wp","href":"https:\/\/api.w.org\/{rel}","templated":true}]}}