{"id":2267,"date":"2018-06-29T14:42:16","date_gmt":"2018-06-29T14:42:16","guid":{"rendered":"http:\/\/acftransport.mtlwebdesign.com\/?page_id=2267&#038;lang=fr"},"modified":"2019-01-08T17:19:17","modified_gmt":"2019-01-08T17:19:17","slug":"accueil","status":"publish","type":"page","link":"https:\/\/www.acftransportaide.ca\/fr\/","title":{"rendered":"Accueil"},"content":{"rendered":"<p>[vc_row full_width=&#8221;stretch_row&#8221; has_content=&#8221;true&#8221;][vc_column][rev_slider_vc alias=&#8221;french-version&#8221;][\/vc_column][\/vc_row][vc_row css=&#8221;.vc_custom_1529910137625{padding-top: 60px !important;}&#8221;][vc_column][vc_custom_heading text=&#8221;ACF TRANSPORTAIDE FOURNIT&#8221; font_container=&#8221;tag:h5|text_align:center|color:%23dab777&#8243; use_theme_fonts=&#8221;yes&#8221; css=&#8221;.vc_custom_1530701592456{margin-bottom: 0px !important;}&#8221;][vc_custom_heading text=&#8221;DES CHAUFFEURS ET DES OUVRIERS ET DES EMPLOY\u00c9S DE BUREAU&#8221; font_container=&#8221;tag:h3|text_align:center&#8221; use_theme_fonts=&#8221;yes&#8221; css=&#8221;.vc_custom_1530282084236{margin-top: 0px !important;margin-bottom: 0px !important;}&#8221;][\/vc_column][\/vc_row][vc_row full_width=&#8221;stretch_row_content_no_spaces&#8221; css=&#8221;.vc_custom_1529910147052{padding-top: 60px !important;}&#8221;][vc_column][vc_column_text]<\/p>\n<div class=\"content-over content-over--left\">\n<div class=\"content-over__img\" style=\"background-image: url('\/wp-content\/uploads\/2018\/06\/image-left-2.jpg');\"><\/div>\n<div class=\"container\">\n<div class=\"content-over__main\">\n<h4 class=\"vc_custom_heading\" style=\"font-size: 24px; text-align: left;\"><strong>Une agence de placement qui s\u2019assure du bon fonctionnement des entreprises \u00e0 Montr\u00e9al et en Ontario<\/strong><\/h4>\n<div class=\"vc_empty_space\" style=\"height: 10px;\"><\/div>\n<div class=\"wpb_text_column wpb_content_element \">\n<div class=\"wpb_wrapper\">\n<p>Depuis 1974, ACF Transportaide fournit des chauffeurs professionnels qualifi\u00e9s, de m\u00eame que des employ\u00e9s industriels et de bureau. Nous sommes une entreprise familiale qui a su b\u00e2tir de solides relations d\u2019affaires avec ses employ\u00e9s et ses employeurs. Nous avons \u00e0 c\u0153ur de trouver les personnes qui correspondent le mieux \u00e0 vos besoins en mati\u00e8re d\u2019emplois.<\/p>\n<\/div>\n<\/div>\n<div class=\"vc_empty_space\" style=\"height: 20px;\"><\/div>\n<h4 class=\"vc_custom_heading\" style=\"font-size: 24px; text-align: left;\">Des experts dans l\u2019embauche et la formation des employ\u00e9s<\/h4>\n<div class=\"vc_empty_space\" style=\"height: 10px;\"><\/div>\n<div class=\"wpb_text_column wpb_content_element \">\n<div class=\"wpb_wrapper\">\n<p>Avez-vous besoin d\u2019une aide temporaire ou \u00e0 long terme pour votre industrie ou votre bureau? En avez-vous trop \u00e0 faire et pas assez de temps pour embaucher, former et int\u00e9grer des employ\u00e9s? ACF Transportaide peut vous aider \u00e0 gagner du temps, que vous passeriez autrement \u00e0 s\u00e9lectionner, interviewer, \u00e9valuer, embaucher et former de nouveaux employ\u00e9s. Pourquoi ne pas laisser des experts s\u2019occuper de vous fournir des travailleurs qualifi\u00e9s, afin de consacrer votre \u00e9nergie \u00e0 faire ce que vous faites le mieux?<\/p>\n<\/div>\n<\/div>\n<\/div>\n<\/div>\n<\/div>\n<p>[\/vc_column_text][\/vc_column][\/vc_row][vc_row full_width=&#8221;stretch_row&#8221; css=&#8221;.vc_custom_1532586289774{margin-top: 90px !important;padding-top: 80px !important;padding-bottom: 220px !important;background-image: url(https:\/\/www.acftransportaide.ca\/wp-content\/uploads\/2018\/06\/215.jpg?id=2326) !important;}&#8221;][vc_column el_class=&#8221;text-center&#8221;][vc_custom_heading text=&#8221;Services Professionnels&#8221; font_container=&#8221;tag:p|font_size:16px|text_align:center|color:%23ffffff&#8221; use_theme_fonts=&#8221;yes&#8221;][vc_custom_heading text=&#8221;Avec 44 ans d&#8217;exp\u00e9rience, aider les entreprises \u00e0 trouver form\u00e9s, professionnels<br \/>\nles conducteurs ainsi que les employ\u00e9s de bureau et industriels&#8221; font_container=&#8221;tag:p|font_size:32px|text_align:center|color:%23ffffff|line_height:1em&#8221; use_theme_fonts=&#8221;yes&#8221; css=&#8221;.vc_custom_1530288020757{margin-top: 0px !important;}&#8221;][\/vc_column][\/vc_row][vc_row el_class=&#8221;on-top buttons-specific&#8221; css=&#8221;.vc_custom_1529914419028{margin-top: -120px !important;padding-right: 15px !important;padding-left: 15px !important;}&#8221;][vc_column el_class=&#8221;text-center&#8221; css=&#8221;.vc_custom_1515492248386{padding-right: 60px !important;padding-left: 60px !important;background-color: #ffffff !important;}&#8221;][vc_row_inner gap=&#8221;30&#8243;][vc_column_inner width=&#8221;1\/3&#8243; css=&#8221;.vc_custom_1515492345147{margin-top: 20px !important;}&#8221;]<div class=\"icon  \">\n            <span>\n                <i class=\"vc_li vc_li-shop\" style='background-color: #dab777'><\/i>\n                <h2><\/h2>\n                <h3 class=\"style-2\"><\/h3>\n            <\/span>\n            <p><\/p>\n    <\/div>[vc_custom_heading text=&#8221;POSTES<br \/>\nVACANTS?&#8221; font_container=&#8221;tag:h4|text_align:center&#8221; use_theme_fonts=&#8221;yes&#8221; css=&#8221;.vc_custom_1530701902877{margin-top: 0px !important;}&#8221;][vc_empty_space height=&#8221;15px&#8221;][vc_column_text]<\/p>\n<p style=\"text-align: center;\">Faites-nous confiance pour trouver le bon employ\u00e9 pour compl\u00e9ter votre \u00e9quipe.<\/p>\n<p>[\/vc_column_text][vc_empty_space height=&#8221;15px&#8221;][vc_btn title=&#8221;APPELEZ-NOUS&#8221; style=&#8221;outline&#8221; shape=&#8221;square&#8221; color=&#8221;warning&#8221; size=&#8221;sm&#8221; align=&#8221;center&#8221; link=&#8221;url:%2Fcontact-us%2F%3Flang%3Dfr|||&#8221;][\/vc_column_inner][vc_column_inner width=&#8221;1\/3&#8243; css=&#8221;.vc_custom_1529918850199{margin-top: 20px !important;}&#8221;]<div class=\"icon  \">\n            <span>\n                <i class=\"vc_li vc_li-truck\" style='background-color: #dab777'><\/i>\n                <h2><\/h2>\n                <h3 class=\"style-2\"><\/h3>\n            <\/span>\n            <p><\/p>\n    <\/div>[vc_custom_heading text=&#8221;CHAUFFEURS DEMAND\u00c9S&#8221; font_container=&#8221;tag:h4|text_align:center&#8221; use_theme_fonts=&#8221;yes&#8221; css=&#8221;.vc_custom_1530282712307{margin-top: 0px !important;}&#8221;][vc_empty_space height=&#8221;15px&#8221;][vc_column_text]<\/p>\n<p style=\"text-align: center;\">\u00cates-vous pr\u00eat \u00e0 relever un nouveau d\u00e9fi professionnel?<\/p>\n<p>[\/vc_column_text][vc_empty_space height=&#8221;15px&#8221;][vc_btn title=&#8221;COMMENCEZ ICI&#8221; style=&#8221;outline&#8221; shape=&#8221;square&#8221; color=&#8221;warning&#8221; size=&#8221;sm&#8221; align=&#8221;center&#8221; link=&#8221;url:%2Fjob-seekers%2F%3Flang%3Dfr|||&#8221;][\/vc_column_inner][vc_column_inner width=&#8221;1\/3&#8243; css=&#8221;.vc_custom_1529918856920{margin-top: 20px !important;}&#8221;]<div class=\"icon  \">\n            <span>\n                <i class=\"vc_li vc_li-banknote\" style='background-color: #dab777'><\/i>\n                <h2><\/h2>\n                <h3 class=\"style-2\"><\/h3>\n            <\/span>\n            <p><\/p>\n    <\/div>[vc_custom_heading text=&#8221;\u00c0 PROPOS DES SERVICES DE PAIE&#8221; font_container=&#8221;tag:h4|text_align:center&#8221; use_theme_fonts=&#8221;yes&#8221; css=&#8221;.vc_custom_1530282830141{margin-top: 0px !important;}&#8221;][vc_empty_space height=&#8221;15px&#8221;][vc_column_text]<\/p>\n<p style=\"text-align: center;\">Des retenues salariales jusqu\u2019aux remises gouvernementales.<\/p>\n<p>[\/vc_column_text][vc_empty_space height=&#8221;15px&#8221;][vc_btn title=&#8221;NOUS POUVONS VOUS AIDER&#8221; style=&#8221;outline&#8221; shape=&#8221;square&#8221; color=&#8221;warning&#8221; size=&#8221;sm&#8221; align=&#8221;center&#8221; link=&#8221;url:%2Fdivision-de-paie%2F%3Flang%3Dfr|||&#8221;][\/vc_column_inner][\/vc_row_inner][\/vc_column][\/vc_row][vc_row full_width=&#8221;stretch_row&#8221; css=&#8221;.vc_custom_1532586366466{margin-top: 90px !important;padding-top: 100px !important;padding-bottom: 130px !important;background-image: url(https:\/\/www.acftransportaide.ca\/wp-content\/uploads\/2018\/06\/background-content-1.jpg?id=2318) !important;}&#8221;][vc_column width=&#8221;1\/2&#8243;][vc_custom_heading text=&#8221;<b>Services de paie et de main d\u2019\u0153uvre<\/b>&#8221; font_container=&#8221;tag:h3|font_size:32px|text_align:left|line_height:1em&#8221; use_theme_fonts=&#8221;yes&#8221; css=&#8221;.vc_custom_1530282930269{margin-top: 0px !important;}&#8221;][vc_empty_space height=&#8221;25px&#8221;][vc_column_text]Notre <a href=\"fr\/services\/services-de-paie\">gamme compl\u00e8te de services<\/a>\u00a0couvre tout, qu\u2019il s\u2019agisse du processus d\u2019embauche, de l\u2019administration, de l\u2019assurance groupe, de la formation, de la paie, et plus encore. Apprenez-en davantage \u00e0 propos de nos opportunit\u00e9s de carri\u00e8re.[\/vc_column_text][vc_empty_space height=&#8221;35px&#8221;]<a target=\"_self\" href=\"services\" class=\"btn btn-md style-1\" id=\"custom-id-0\" style=\"\">Apprenez-en d&#8217;avantage<\/a>[\/vc_column][\/vc_row][vc_row full_width=&#8221;stretch_row_content_no_spaces&#8221; equal_height=&#8221;yes&#8221; content_placement=&#8221;middle&#8221;][vc_column width=&#8221;1\/4&#8243; css=&#8221;.vc_custom_1532613212563{background-image: url(https:\/\/www.acftransportaide.ca\/wp-content\/uploads\/2018\/06\/serive1.jpg?id=2320) !important;background-position: center !important;background-repeat: no-repeat !important;background-size: cover !important;}&#8221; el_class=&#8221;special-links-section&#8221;][vc_custom_heading text=&#8221;Division Transport&#8221; font_container=&#8221;tag:h4|text_align:center|color:%23ffffff&#8221; use_theme_fonts=&#8221;yes&#8221; link=&#8221;url:%2Ffr%2Fservices%2Fdivision-transport|||&#8221;][\/vc_column][vc_column width=&#8221;1\/4&#8243; el_class=&#8221;special-links-section&#8221; css=&#8221;.vc_custom_1532613135869{background-image: url(https:\/\/www.acftransportaide.ca\/wp-content\/uploads\/2018\/06\/Service2-1.jpg?id=2321) !important;background-position: center !important;background-repeat: no-repeat !important;background-size: cover !important;}&#8221;][vc_custom_heading text=&#8221;Division D\u2019oeuvre&#8221; font_container=&#8221;tag:h4|text_align:center|color:%23ffffff&#8221; use_theme_fonts=&#8221;yes&#8221; link=&#8221;url:%2Ffr%2Fservices%2Fdivision-main-doeuvre|||&#8221;][\/vc_column][vc_column width=&#8221;1\/4&#8243; el_class=&#8221;special-links-section&#8221; css=&#8221;.vc_custom_1532613097540{background-image: url(https:\/\/www.acftransportaide.ca\/wp-content\/uploads\/2018\/06\/service3.jpg?id=2322) !important;background-position: center !important;background-repeat: no-repeat !important;background-size: cover !important;}&#8221;][vc_custom_heading text=&#8221;Division Bureau&#8221; font_container=&#8221;tag:h4|text_align:center|color:%23ffffff&#8221; use_theme_fonts=&#8221;yes&#8221; link=&#8221;url:%2Ffr%2Fservices%2Fdivision-bureau|||&#8221;][\/vc_column][vc_column width=&#8221;1\/4&#8243; el_class=&#8221;special-links-section&#8221; css=&#8221;.vc_custom_1532613080749{background-image: url(https:\/\/www.acftransportaide.ca\/wp-content\/uploads\/2018\/06\/service4.jpg?id=2323) !important;background-position: center !important;background-repeat: no-repeat !important;background-size: cover !important;}&#8221;][vc_custom_heading text=&#8221;Services de Paie&#8221; font_container=&#8221;tag:h4|text_align:center|color:%23ffffff&#8221; use_theme_fonts=&#8221;yes&#8221; link=&#8221;url:%2Ffr%2Fservices%2Fservices-de-paie|||&#8221;][\/vc_column][\/vc_row][vc_row][vc_column][vc_column_text]<\/p>\n<p style=\"text-align: center; font-size: 20px; padding: 20px 0px; font-weight: bold;\">Ne h\u00e9sitez pas \u00e0\u00a0\u00a0<a href=\"http:\/\/contact-us\/?lang=fr\">\u00a0nous contactez<\/a>\u00a0pour plus d&#8217;informations sur nos services de l&#8217;emploi.<\/p>\n<p>[\/vc_column_text][\/vc_column][\/vc_row]<\/p>\n","protected":false},"excerpt":{"rendered":"<p>[vc_row full_width=&#8221;stretch_row&#8221; has_content=&#8221;true&#8221;][vc_column][rev_slider_vc alias=&#8221;french-version&#8221;][\/vc_column][\/vc_row][vc_row css=&#8221;.vc_custom_1529910137625{padding-top: 60px !important;}&#8221;][vc_column][vc_custom_heading text=&#8221;ACF TRANSPORTAIDE FOURNIT&#8221; font_container=&#8221;tag:h5|text_align:center|color:%23dab777&#8243; use_theme_fonts=&#8221;yes&#8221; css=&#8221;.vc_custom_1530701592456{margin-bottom: 0px !important;}&#8221;][vc_custom_heading text=&#8221;DES CHAUFFEURS ET DES OUVRIERS ET DES EMPLOY\u00c9S DE BUREAU&#8221; font_container=&#8221;tag:h3|text_align:center&#8221; use_theme_fonts=&#8221;yes&#8221; css=&#8221;.vc_custom_1530282084236{margin-top: 0px !important;margin-bottom: 0px !important;}&#8221;][\/vc_column][\/vc_row][vc_row full_width=&#8221;stretch_row_content_no_spaces&#8221; css=&#8221;.vc_custom_1529910147052{padding-top: 60px !important;}&#8221;][vc_column][vc_column_text] Une agence de placement&#8230;<\/p>\n","protected":false},"author":3,"featured_media":0,"parent":0,"menu_order":0,"comment_status":"closed","ping_status":"closed","template":"","meta":{"_acf_changed":false,"_exactmetrics_skip_tracking":false,"_exactmetrics_sitenote_active":false,"_exactmetrics_sitenote_note":"","_exactmetrics_sitenote_category":0,"footnotes":""},"class_list":["post-2267","page","type-page","status-publish","hentry"],"acf":[],"yoast_head":"<!-- This site is optimized with the Yoast SEO Premium plugin v27.3 (Yoast SEO v27.5) - https:\/\/yoast.com\/product\/yoast-seo-premium-wordpress\/ -->\n<title>Montr\u00e9al emplois de camionneur | ACF TRANSPORTAIDE<\/title>\n<meta name=\"description\" content=\"Emplois de camionneur \u00e0 Montr\u00e9al disponibles \u00e0 la location aujourd&#039;hui. Nous offrons des tarifs comp\u00e9titifs. Emplois de camionnage locaux et longue distance, ainsi que des emplois horaires.\" \/>\n<meta name=\"robots\" content=\"index, follow, max-snippet:-1, max-image-preview:large, max-video-preview:-1\" \/>\n<link rel=\"canonical\" href=\"https:\/\/www.acftransportaide.ca\/fr\/\" \/>\n<meta property=\"og:locale\" content=\"fr_FR\" \/>\n<meta property=\"og:type\" content=\"article\" \/>\n<meta property=\"og:title\" content=\"Accueil\" \/>\n<meta property=\"og:description\" content=\"Emplois de camionneur \u00e0 Montr\u00e9al disponibles \u00e0 la location aujourd&#039;hui. Nous offrons des tarifs comp\u00e9titifs. Emplois de camionnage locaux et longue distance, ainsi que des emplois horaires.\" \/>\n<meta property=\"og:url\" content=\"https:\/\/www.acftransportaide.ca\/fr\/\" \/>\n<meta property=\"og:site_name\" content=\"Employment Agency Montreal\" \/>\n<meta property=\"article:publisher\" content=\"https:\/\/www.facebook.com\/acftransportaide\" \/>\n<meta property=\"article:modified_time\" content=\"2019-01-08T17:19:17+00:00\" \/>\n<meta name=\"twitter:card\" content=\"summary_large_image\" \/>\n<meta name=\"twitter:label1\" content=\"Dur\u00e9e de lecture estim\u00e9e\" \/>\n\t<meta name=\"twitter:data1\" content=\"6 minutes\" \/>\n<!-- \/ Yoast SEO Premium plugin. -->","yoast_head_json":{"title":"Montr\u00e9al emplois de camionneur | ACF TRANSPORTAIDE","description":"Emplois de camionneur \u00e0 Montr\u00e9al disponibles \u00e0 la location aujourd'hui. Nous offrons des tarifs comp\u00e9titifs. Emplois de camionnage locaux et longue distance, ainsi que des emplois horaires.","robots":{"index":"index","follow":"follow","max-snippet":"max-snippet:-1","max-image-preview":"max-image-preview:large","max-video-preview":"max-video-preview:-1"},"canonical":"https:\/\/www.acftransportaide.ca\/fr\/","og_locale":"fr_FR","og_type":"article","og_title":"Accueil","og_description":"Emplois de camionneur \u00e0 Montr\u00e9al disponibles \u00e0 la location aujourd'hui. Nous offrons des tarifs comp\u00e9titifs. Emplois de camionnage locaux et longue distance, ainsi que des emplois horaires.","og_url":"https:\/\/www.acftransportaide.ca\/fr\/","og_site_name":"Employment Agency Montreal","article_publisher":"https:\/\/www.facebook.com\/acftransportaide","article_modified_time":"2019-01-08T17:19:17+00:00","twitter_card":"summary_large_image","twitter_misc":{"Dur\u00e9e de lecture estim\u00e9e":"6 minutes"},"schema":{"@context":"https:\/\/schema.org","@graph":[{"@type":"WebPage","@id":"https:\/\/www.acftransportaide.ca\/fr\/","url":"https:\/\/www.acftransportaide.ca\/fr\/","name":"Montr\u00e9al emplois de camionneur | ACF TRANSPORTAIDE","isPartOf":{"@id":"https:\/\/www.acftransportaide.ca\/fr\/#website"},"datePublished":"2018-06-29T14:42:16+00:00","dateModified":"2019-01-08T17:19:17+00:00","description":"Emplois de camionneur \u00e0 Montr\u00e9al disponibles \u00e0 la location aujourd'hui. Nous offrons des tarifs comp\u00e9titifs. Emplois de camionnage locaux et longue distance, ainsi que des emplois horaires.","breadcrumb":{"@id":"https:\/\/www.acftransportaide.ca\/fr\/#breadcrumb"},"inLanguage":"fr-FR","potentialAction":[{"@type":"ReadAction","target":["https:\/\/www.acftransportaide.ca\/fr\/"]}]},{"@type":"BreadcrumbList","@id":"https:\/\/www.acftransportaide.ca\/fr\/#breadcrumb","itemListElement":[{"@type":"ListItem","position":1,"name":"Home","item":"https:\/\/www.acftransportaide.ca\/fr\/"},{"@type":"ListItem","position":2,"name":"Accueil"}]},{"@type":"WebSite","@id":"https:\/\/www.acftransportaide.ca\/fr\/#website","url":"https:\/\/www.acftransportaide.ca\/fr\/","name":"ACF TRANSPORTAIDE","description":"Montreal Transport agency","publisher":{"@id":"https:\/\/www.acftransportaide.ca\/fr\/#organization"},"potentialAction":[{"@type":"SearchAction","target":{"@type":"EntryPoint","urlTemplate":"https:\/\/www.acftransportaide.ca\/fr\/?s={search_term_string}"},"query-input":{"@type":"PropertyValueSpecification","valueRequired":true,"valueName":"search_term_string"}}],"inLanguage":"fr-FR"},{"@type":"Organization","@id":"https:\/\/www.acftransportaide.ca\/fr\/#organization","name":"ACF Transportaide","url":"https:\/\/www.acftransportaide.ca\/fr\/","logo":{"@type":"ImageObject","inLanguage":"fr-FR","@id":"https:\/\/www.acftransportaide.ca\/fr\/#\/schema\/logo\/image\/","url":"https:\/\/www.acftransportaide.ca\/wp-content\/uploads\/2018\/12\/ACF-Logo.png","contentUrl":"https:\/\/www.acftransportaide.ca\/wp-content\/uploads\/2018\/12\/ACF-Logo.png","width":225,"height":115,"caption":"ACF Transportaide"},"image":{"@id":"https:\/\/www.acftransportaide.ca\/fr\/#\/schema\/logo\/image\/"},"sameAs":["https:\/\/www.facebook.com\/acftransportaide"]}]}},"_links":{"self":[{"href":"https:\/\/www.acftransportaide.ca\/fr\/wp-json\/wp\/v2\/pages\/2267","targetHints":{"allow":["GET"]}}],"collection":[{"href":"https:\/\/www.acftransportaide.ca\/fr\/wp-json\/wp\/v2\/pages"}],"about":[{"href":"https:\/\/www.acftransportaide.ca\/fr\/wp-json\/wp\/v2\/types\/page"}],"author":[{"embeddable":true,"href":"https:\/\/www.acftransportaide.ca\/fr\/wp-json\/wp\/v2\/users\/3"}],"replies":[{"embeddable":true,"href":"https:\/\/www.acftransportaide.ca\/fr\/wp-json\/wp\/v2\/comments?post=2267"}],"version-history":[{"count":13,"href":"https:\/\/www.acftransportaide.ca\/fr\/wp-json\/wp\/v2\/pages\/2267\/revisions"}],"predecessor-version":[{"id":3003,"href":"https:\/\/www.acftransportaide.ca\/fr\/wp-json\/wp\/v2\/pages\/2267\/revisions\/3003"}],"wp:attachment":[{"href":"https:\/\/www.acftransportaide.ca\/fr\/wp-json\/wp\/v2\/media?parent=2267"}],"curies":[{"name":"wp","href":"https:\/\/api.w.org\/{rel}","templated":true}]}}